{"id":11097,"date":"2026-04-24T11:46:02","date_gmt":"2026-04-24T11:46:02","guid":{"rendered":"https:\/\/baufens.ba\/?page_id=11097"},"modified":"2026-04-24T11:46:02","modified_gmt":"2026-04-24T11:46:02","slug":"our-projects","status":"publish","type":"page","link":"https:\/\/baufens.ba\/pt\/en\/our-projects","title":{"rendered":"Nossos projetos"},"content":{"rendered":"<p><div class=\"fusion-fullwidth fullwidth-box fusion-builder-row-1 fusion-flex-container has-pattern-background has-mask-background project-item nonhundred-percent-fullwidth non-hundred-percent-height-scrolling\" style=\"--awb-border-radius-top-left:0px;--awb-border-radius-top-right:0px;--awb-border-radius-bottom-right:0px;--awb-border-radius-bottom-left:0px;--awb-padding-top:30px;--awb-padding-right:30px;--awb-padding-bottom:30px;--awb-padding-left:30px;--awb-margin-bottom:30px;--awb-flex-wrap:wrap;\" ><div class=\"fusion-builder-row fusion-row fusion-flex-align-items-center fusion-flex-content-wrap\" style=\"max-width:1248px;margin-left: calc(-4% \/ 2 );margin-right: calc(-4% \/ 2 );\"><div class=\"fusion-layout-column fusion_builder_column fusion-builder-column-0 fusion_builder_column_1_2 1_2 fusion-flex-column\" style=\"--awb-bg-size:cover;--awb-width-large:50%;--awb-margin-top-large:0px;--awb-spacing-right-large:3.84%;--awb-margin-bottom-large:20px;--awb-spacing-left-large:3.84%;--awb-width-medium:50%;--awb-order-medium:0;--awb-spacing-right-medium:3.84%;--awb-spacing-left-medium:3.84%;--awb-width-small:100%;--awb-order-small:0;--awb-spacing-right-small:1.92%;--awb-spacing-left-small:1.92%;\" data-scroll-devices=\"small-visibility,medium-visibility,large-visibility\"><div class=\"fusion-column-wrapper fusion-column-has-shadow fusion-flex-justify-content-center fusion-content-layout-column\"><div class=\"awb-gallery-wrapper awb-gallery-wrapper-1 button-span-no\" style=\"--more-btn-alignment:center;\"><div style=\"margin:-4px;--awb-aspect-ratio:1 \/ 1;--awb-bordersize:0px;\" class=\"fusion-gallery fusion-gallery-container fusion-grid-3 fusion-columns-total-3 fusion-gallery-layout-grid fusion-gallery-1 has-aspect-ratio\"><div style=\"padding:4px;\" class=\"fusion-grid-column fusion-gallery-column fusion-gallery-column-3 hover-type-none\"><div class=\"fusion-gallery-image\"><a href=\"https:\/\/baufens.ba\/wp-content\/uploads\/2026\/04\/Bolivia-Project-Baufens.webp\" rel=\"noreferrer\" data-rel=\"iLightbox[gallery_image_1]\" class=\"fusion-lightbox\" target=\"_self\"><img decoding=\"async\" src=\"https:\/\/baufens.ba\/wp-content\/uploads\/2026\/04\/Bolivia-Project-Baufens-460x295.webp\" width=\"460\" height=\"295\" alt=\"\" title=\"Projeto Bol\u00edvia Baufens\" aria-label=\"Projeto Bol\u00edvia Baufens\" class=\"img-responsive wp-image-11242 fusion-gallery-image-size-fixed\"  \/><\/a><\/div><\/div><div style=\"padding:4px;\" class=\"fusion-grid-column fusion-gallery-column fusion-gallery-column-3 hover-type-none\"><div class=\"fusion-gallery-image\"><a href=\"https:\/\/baufens.ba\/wp-content\/uploads\/2026\/04\/baufens-bolivia-project-01.webp\" rel=\"noreferrer\" data-rel=\"iLightbox[gallery_image_1]\" class=\"fusion-lightbox\" target=\"_self\"><img decoding=\"async\" src=\"https:\/\/baufens.ba\/wp-content\/uploads\/2026\/04\/baufens-bolivia-project-01-460x295.webp\" width=\"460\" height=\"295\" alt=\"\" title=\"projeto baufens bol\u00edvia-01\" aria-label=\"projeto baufens bol\u00edvia-01\" class=\"img-responsive wp-image-11241 fusion-gallery-image-size-fixed\"  \/><\/a><\/div><\/div><div style=\"padding:4px;\" class=\"fusion-grid-column fusion-gallery-column fusion-gallery-column-3 hover-type-none\"><div class=\"fusion-gallery-image\"><a href=\"https:\/\/baufens.ba\/wp-content\/uploads\/2026\/04\/baufens-bolivia-project-03.webp\" rel=\"noreferrer\" data-rel=\"iLightbox[gallery_image_1]\" class=\"fusion-lightbox\" target=\"_self\"><img decoding=\"async\" src=\"https:\/\/baufens.ba\/wp-content\/uploads\/2026\/04\/baufens-bolivia-project-03-460x295.webp\" width=\"460\" height=\"295\" alt=\"\" title=\"projeto baufens bol\u00edvia-03\" aria-label=\"projeto baufens bol\u00edvia-03\" class=\"img-responsive wp-image-11240 fusion-gallery-image-size-fixed\"  \/><\/a><\/div><\/div><div class=\"clearfix\"><\/div><\/div><\/div><\/div><\/div><div class=\"fusion-layout-column fusion_builder_column fusion-builder-column-1 fusion_builder_column_1_2 1_2 fusion-flex-column\" style=\"--awb-bg-size:cover;--awb-width-large:50%;--awb-margin-top-large:0px;--awb-spacing-right-large:3.84%;--awb-margin-bottom-large:20px;--awb-spacing-left-large:3.84%;--awb-width-medium:50%;--awb-order-medium:0;--awb-spacing-right-medium:3.84%;--awb-spacing-left-medium:3.84%;--awb-width-small:100%;--awb-order-small:0;--awb-spacing-right-small:1.92%;--awb-spacing-left-small:1.92%;\"><div class=\"fusion-column-wrapper fusion-column-has-shadow fusion-flex-justify-content-flex-start fusion-content-layout-column\"><div class=\"fusion-title title fusion-title-1 fusion-sep-none fusion-title-text fusion-title-size-three project-title bolivia-title\"><h3 class=\"fusion-title-heading title-heading-left fusion-responsive-typography-calculated\" style=\"margin:0;--fontSize:36;line-height:var(--awb-typography1-line-height);\">Bol\u00edvia<\/h3><\/div><div class=\"fusion-text fusion-text-1 fusion-text-no-margin\" style=\"--awb-margin-bottom:15px;\"><p>Projeto residencial de 30 andares na Bol\u00edvia com aplica\u00e7\u00f5es modernas de fachada utilizando o sistema Baufens AtmoSlide, projetado para durabilidade, isolamento t\u00e9rmico e desempenho confi\u00e1vel em ambientes urbanos de grande altura.<\/p>\n<\/div><div class=\"accordian fusion-accordian\" style=\"--awb-border-size:1px;--awb-icon-size:10px;--awb-content-font-size:var(--awb-typography4-font-size);--awb-icon-alignment:right;--awb-hover-color:var(--awb-color2);--awb-border-color:var(--awb-color3);--awb-background-color:var(--awb-color1);--awb-divider-color:var(--awb-color3);--awb-divider-hover-color:var(--awb-color3);--awb-icon-color:var(--awb-color1);--awb-title-color:var(--awb-color8);--awb-content-color:var(--awb-color8);--awb-icon-box-color:var(--awb-color8);--awb-toggle-hover-accent-color:var(--awb-color5);--awb-title-font-family:var(--awb-typography1-font-family);--awb-title-font-weight:var(--awb-typography1-font-weight);--awb-title-font-style:var(--awb-typography1-font-style);--awb-title-font-size:15px;--awb-content-font-family:var(--awb-typography4-font-family);--awb-content-font-weight:var(--awb-typography4-font-weight);--awb-content-font-style:var(--awb-typography4-font-style);\"><div class=\"panel-group fusion-toggle-icon-right fusion-toggle-icon-boxed\" id=\"accordion-11097-1\"><div class=\"fusion-panel panel-default panel-f18081e4468e02491 fusion-toggle-no-divider\" style=\"--awb-title-color:var(--awb-color8);\"><div class=\"panel-heading\"><div class=\"panel-title toggle\" id=\"toggle_f18081e4468e02491\"><a aria-expanded=\"false\" aria-controls=\"f18081e4468e02491\" role=\"button\" data-toggle=\"collapse\" data-parent=\"#accordion-11097-1\" data-target=\"#f18081e4468e02491\" href=\"#f18081e4468e02491\"><span class=\"fusion-toggle-icon-wrapper\" aria-hidden=\"true\"><i class=\"fa-fusion-box active-icon fa-angle-double-down fas\" aria-hidden=\"true\"><\/i><i class=\"fa-fusion-box inactive-icon fa-angle-double-right fas\" aria-hidden=\"true\"><\/i><\/span><span class=\"fusion-toggle-heading\">Leia mais<\/span><\/a><\/div><\/div><div id=\"f18081e4468e02491\" class=\"panel-collapse collapse\" aria-labelledby=\"toggle_f18081e4468e02491\"><div class=\"panel-body toggle-content fusion-clearfix\">\n<p data-start=\"660\" data-end=\"850\">Este projeto envolve a instala\u00e7\u00e3o de sistemas de janelas de PVC da Baufens em um edif\u00edcio residencial de 30 andares atualmente em constru\u00e7\u00e3o na Bol\u00edvia, com conclus\u00e3o prevista para o final de 2026.<\/p>\n<p data-start=\"855\" data-end=\"1113\">A aplica\u00e7\u00e3o inclui perfis AtmoSlide com configura\u00e7\u00f5es de trilho duplo e triplo, desenvolvidos para atender aos requisitos t\u00e9cnicos da constru\u00e7\u00e3o de edif\u00edcios altos. O sistema garante isolamento t\u00e9rmico consistente, estabilidade estrutural e durabilidade a longo prazo.<\/p>\n<p data-start=\"1118\" data-end=\"1318\">Projetada para integra\u00e7\u00e3o em fachadas modernas, a solu\u00e7\u00e3o combina funcionalidade com uma apar\u00eancia arquitet\u00f4nica limpa, promovendo efici\u00eancia energ\u00e9tica e baixa manuten\u00e7\u00e3o ao longo do ciclo de vida do edif\u00edcio.<\/p>\n<\/div><\/div><\/div><\/div><\/div><\/div><\/div><\/div><\/div><div class=\"fusion-fullwidth fullwidth-box fusion-builder-row-2 fusion-flex-container has-pattern-background has-mask-background project-item nonhundred-percent-fullwidth non-hundred-percent-height-scrolling\" style=\"--awb-border-radius-top-left:0px;--awb-border-radius-top-right:0px;--awb-border-radius-bottom-right:0px;--awb-border-radius-bottom-left:0px;--awb-padding-top:30px;--awb-padding-right:30px;--awb-padding-bottom:30px;--awb-padding-left:30px;--awb-margin-bottom:30px;--awb-flex-wrap:wrap;\" ><div class=\"fusion-builder-row fusion-row fusion-flex-align-items-center fusion-flex-content-wrap\" style=\"max-width:1248px;margin-left: calc(-4% \/ 2 );margin-right: calc(-4% \/ 2 );\"><div class=\"fusion-layout-column fusion_builder_column fusion-builder-column-2 fusion_builder_column_1_2 1_2 fusion-flex-column\" style=\"--awb-bg-size:cover;--awb-width-large:50%;--awb-margin-top-large:0px;--awb-spacing-right-large:3.84%;--awb-margin-bottom-large:20px;--awb-spacing-left-large:3.84%;--awb-width-medium:50%;--awb-order-medium:0;--awb-spacing-right-medium:3.84%;--awb-spacing-left-medium:3.84%;--awb-width-small:100%;--awb-order-small:0;--awb-spacing-right-small:1.92%;--awb-spacing-left-small:1.92%;\" data-scroll-devices=\"small-visibility,medium-visibility,large-visibility\"><div class=\"fusion-column-wrapper fusion-column-has-shadow fusion-flex-justify-content-center fusion-content-layout-column\"><div class=\"awb-gallery-wrapper awb-gallery-wrapper-2 button-span-no\" style=\"--more-btn-alignment:center;\"><div style=\"margin:-4px;--awb-aspect-ratio:1 \/ 1;--awb-bordersize:0px;\" class=\"fusion-gallery fusion-gallery-container fusion-grid-2 fusion-columns-total-2 fusion-gallery-layout-grid fusion-gallery-2 has-aspect-ratio\"><div style=\"padding:4px;\" class=\"fusion-grid-column fusion-gallery-column fusion-gallery-column-2 hover-type-none\"><div class=\"fusion-gallery-image\"><a href=\"https:\/\/baufens.ba\/wp-content\/uploads\/2026\/04\/completed-projects-using-Baufens-profiles-02.jpg\" rel=\"noreferrer\" data-rel=\"iLightbox[gallery_image_2]\" class=\"fusion-lightbox\" target=\"_self\"><img decoding=\"async\" src=\"https:\/\/baufens.ba\/wp-content\/uploads\/2026\/04\/completed-projects-using-Baufens-profiles-02-460x295.jpg\" width=\"460\" height=\"295\" alt=\"\" title=\"Projetos conclu\u00eddos utilizando perfis Baufens-02\" aria-label=\"Projetos conclu\u00eddos utilizando perfis Baufens-02\" class=\"img-responsive wp-image-11267 fusion-gallery-image-size-fixed\"  \/><\/a><\/div><\/div><div class=\"clearfix\"><\/div><div style=\"padding:4px;\" class=\"fusion-grid-column fusion-gallery-column fusion-gallery-column-2 hover-type-none\"><div class=\"fusion-gallery-image\"><a href=\"https:\/\/baufens.ba\/wp-content\/uploads\/2026\/04\/completed-projects-using-Baufens-profiles-01.jpg\" rel=\"noreferrer\" data-rel=\"iLightbox[gallery_image_2]\" class=\"fusion-lightbox\" target=\"_self\"><img decoding=\"async\" src=\"https:\/\/baufens.ba\/wp-content\/uploads\/2026\/04\/completed-projects-using-Baufens-profiles-01-460x295.jpg\" width=\"460\" height=\"295\" alt=\"\" title=\"Projetos conclu\u00eddos utilizando perfis Baufens-01\" aria-label=\"Projetos conclu\u00eddos utilizando perfis Baufens-01\" class=\"img-responsive wp-image-11268 fusion-gallery-image-size-fixed\"  \/><\/a><\/div><\/div><\/div><\/div><\/div><\/div><div class=\"fusion-layout-column fusion_builder_column fusion-builder-column-3 fusion_builder_column_1_2 1_2 fusion-flex-column\" style=\"--awb-bg-size:cover;--awb-width-large:50%;--awb-margin-top-large:0px;--awb-spacing-right-large:3.84%;--awb-margin-bottom-large:20px;--awb-spacing-left-large:3.84%;--awb-width-medium:50%;--awb-order-medium:0;--awb-spacing-right-medium:3.84%;--awb-spacing-left-medium:3.84%;--awb-width-small:100%;--awb-order-small:0;--awb-spacing-right-small:1.92%;--awb-spacing-left-small:1.92%;\"><div class=\"fusion-column-wrapper fusion-column-has-shadow fusion-flex-justify-content-flex-start fusion-content-layout-column\"><div class=\"fusion-title title fusion-title-2 fusion-sep-none fusion-title-text fusion-title-size-three project-title argentina-title\"><h3 class=\"fusion-title-heading title-heading-left fusion-responsive-typography-calculated\" style=\"margin:0;--fontSize:36;line-height:var(--awb-typography1-line-height);\">Argentina<\/h3><\/div><div class=\"fusion-text fusion-text-2 fusion-text-no-margin\" style=\"--awb-margin-bottom:15px;\"><p>Projeto de amplia\u00e7\u00e3o residencial na Argentina com sistemas Baufens AtmoSlide, criando uma conex\u00e3o perfeita entre interior e exterior com design limpo e funcionalidade impec\u00e1vel.<\/p>\n<\/div><div class=\"accordian fusion-accordian\" style=\"--awb-border-size:1px;--awb-icon-size:10px;--awb-content-font-size:var(--awb-typography4-font-size);--awb-icon-alignment:right;--awb-hover-color:var(--awb-color2);--awb-border-color:var(--awb-color3);--awb-background-color:var(--awb-color1);--awb-divider-color:var(--awb-color3);--awb-divider-hover-color:var(--awb-color3);--awb-icon-color:var(--awb-color1);--awb-title-color:var(--awb-color8);--awb-content-color:var(--awb-color8);--awb-icon-box-color:var(--awb-color8);--awb-toggle-hover-accent-color:var(--awb-color5);--awb-title-font-family:var(--awb-typography1-font-family);--awb-title-font-weight:var(--awb-typography1-font-weight);--awb-title-font-style:var(--awb-typography1-font-style);--awb-title-font-size:15px;--awb-content-font-family:var(--awb-typography4-font-family);--awb-content-font-weight:var(--awb-typography4-font-weight);--awb-content-font-style:var(--awb-typography4-font-style);\"><div class=\"panel-group fusion-toggle-icon-right fusion-toggle-icon-boxed\" id=\"accordion-11097-2\"><div class=\"fusion-panel panel-default panel-5c49f11c0de4f797e fusion-toggle-no-divider\" style=\"--awb-title-color:var(--awb-color8);\"><div class=\"panel-heading\"><div class=\"panel-title toggle\" id=\"toggle_5c49f11c0de4f797e\"><a aria-expanded=\"false\" aria-controls=\"5c49f11c0de4f797e\" role=\"button\" data-toggle=\"collapse\" data-parent=\"#accordion-11097-2\" data-target=\"#5c49f11c0de4f797e\" href=\"#5c49f11c0de4f797e\"><span class=\"fusion-toggle-icon-wrapper\" aria-hidden=\"true\"><i class=\"fa-fusion-box active-icon fa-angle-double-down fas\" aria-hidden=\"true\"><\/i><i class=\"fa-fusion-box inactive-icon fa-angle-double-right fas\" aria-hidden=\"true\"><\/i><\/span><span class=\"fusion-toggle-heading\">Leia mais<\/span><\/a><\/div><\/div><div id=\"5c49f11c0de4f797e\" class=\"panel-collapse collapse\" aria-labelledby=\"toggle_5c49f11c0de4f797e\"><div class=\"panel-body toggle-content fusion-clearfix\">\n<p data-start=\"567\" data-end=\"729\">Este projeto apresenta uma extens\u00e3o residencial constru\u00edda sob medida, projetada para ampliar o espa\u00e7o habit\u00e1vel e fortalecer a conex\u00e3o entre as \u00e1reas internas e externas.<\/p>\n<p data-start=\"734\" data-end=\"965\">A aplica\u00e7\u00e3o apresenta sistemas de correr Baufens AtmoSlide, instalados pelo nosso distribuidor local na Argentina. O sistema permite amplas aberturas de vidro, deixando entrar luz natural e, ao mesmo tempo, mantendo o conforto t\u00e9rmico e a facilidade de uso.<\/p>\n<p data-start=\"970\" data-end=\"1168\">Com seu design de estrutura minimalista e opera\u00e7\u00e3o suave, a solu\u00e7\u00e3o aprimora tanto a clareza visual quanto a funcionalidade do espa\u00e7o, proporcionando um ambiente moderno e de baixa manuten\u00e7\u00e3o para o dia a dia.<\/p>\n<\/div><\/div><\/div><\/div><\/div><\/div><\/div><\/div><\/div><\/p>","protected":false},"excerpt":{"rendered":"","protected":false},"author":2,"featured_media":0,"parent":2320,"menu_order":0,"comment_status":"closed","ping_status":"closed","template":"","meta":{"rs_blank_template":"","rs_page_bg_color":"","slide_template_v7":"","_monsterinsights_skip_tracking":false,"_monsterinsights_sitenote_active":false,"_monsterinsights_sitenote_note":"","_monsterinsights_sitenote_category":0,"footnotes":""},"class_list":["post-11097","page","type-page","status-publish","hentry"],"_links":{"self":[{"href":"https:\/\/baufens.ba\/pt\/wp-json\/wp\/v2\/pages\/11097","targetHints":{"allow":["GET"]}}],"collection":[{"href":"https:\/\/baufens.ba\/pt\/wp-json\/wp\/v2\/pages"}],"about":[{"href":"https:\/\/baufens.ba\/pt\/wp-json\/wp\/v2\/types\/page"}],"author":[{"embeddable":true,"href":"https:\/\/baufens.ba\/pt\/wp-json\/wp\/v2\/users\/2"}],"replies":[{"embeddable":true,"href":"https:\/\/baufens.ba\/pt\/wp-json\/wp\/v2\/comments?post=11097"}],"version-history":[{"count":64,"href":"https:\/\/baufens.ba\/pt\/wp-json\/wp\/v2\/pages\/11097\/revisions"}],"predecessor-version":[{"id":11270,"href":"https:\/\/baufens.ba\/pt\/wp-json\/wp\/v2\/pages\/11097\/revisions\/11270"}],"up":[{"embeddable":true,"href":"https:\/\/baufens.ba\/pt\/wp-json\/wp\/v2\/pages\/2320"}],"wp:attachment":[{"href":"https:\/\/baufens.ba\/pt\/wp-json\/wp\/v2\/media?parent=11097"}],"curies":[{"name":"wp","href":"https:\/\/api.w.org\/{rel}","templated":true}]}}