{"id":10980,"date":"2026-04-17T10:38:26","date_gmt":"2026-04-17T10:38:26","guid":{"rendered":"https:\/\/baufens.ba\/?page_id=10980"},"modified":"2026-04-22T06:21:28","modified_gmt":"2026-04-22T06:21:28","slug":"profile-comparison","status":"publish","type":"page","link":"https:\/\/baufens.ba\/es\/en\/profile-comparison","title":{"rendered":"Comparaci\u00f3n de perfiles"},"content":{"rendered":"<p><div class=\"fusion-fullwidth fullwidth-box fusion-builder-row-1 fusion-flex-container has-pattern-background has-mask-background table-standard nonhundred-percent-fullwidth non-hundred-percent-height-scrolling\" style=\"--awb-border-radius-top-left:0px;--awb-border-radius-top-right:0px;--awb-border-radius-bottom-right:0px;--awb-border-radius-bottom-left:0px;--awb-background-color:#ffffff;--awb-flex-wrap:wrap;\" id=\"standard\" ><div class=\"fusion-builder-row fusion-row fusion-flex-align-items-flex-start fusion-flex-content-wrap\" style=\"max-width:1248px;margin-left: calc(-4% \/ 2 );margin-right: calc(-4% \/ 2 );\"><div class=\"fusion-layout-column fusion_builder_column fusion-builder-column-0 fusion_builder_column_1_1 1_1 fusion-flex-column\" style=\"--awb-bg-color:#ffffff;--awb-bg-color-hover:#ffffff;--awb-bg-size:cover;--awb-width-large:100%;--awb-margin-top-large:0px;--awb-spacing-right-large:1.92%;--awb-margin-bottom-large:20px;--awb-spacing-left-large:1.92%;--awb-width-medium:100%;--awb-order-medium:0;--awb-spacing-right-medium:1.92%;--awb-spacing-left-medium:1.92%;--awb-width-small:100%;--awb-order-small:0;--awb-spacing-right-small:1.92%;--awb-spacing-left-small:1.92%;\" data-scroll-devices=\"small-visibility,medium-visibility,large-visibility\"><div class=\"fusion-column-wrapper fusion-column-has-shadow fusion-flex-justify-content-flex-start fusion-content-layout-column\"><div class=\"fusion-text fusion-text-1 fusion-animated\" data-animationtype=\"bounceInLeft\" data-animationduration=\"0.3\" data-animationoffset=\"top-into-view\"><p><strong>Perfiles est\u00e1ndar de uPVC:<\/strong><br \/>\nExplora nuestra <strong>Sistemas de perfiles de uPVC fiables y rentables<\/strong> Dise\u00f1ado para un rendimiento constante en el d\u00eda a d\u00eda. Construido con <strong>materiales duraderos<\/strong> y <strong>Propiedades de aislamiento s\u00f3lido<\/strong>, estos sistemas ofrecen un equilibrio eficiente entre funcionalidad, <strong>eficiencia energ\u00e9tica<\/strong>y usabilidad a largo plazo. Ideales para una amplia gama de proyectos residenciales y comerciales, proporcionan <strong>calidad confiable<\/strong> sin concesiones.<\/p>\n<\/div>\n<div class=\"table-2 fusion-animated table-standard\" data-animationtype=\"bounceInLeft\" data-animationduration=\"0.3\" data-animationoffset=\"top-into-view\">\n<table style=\"border-collapse: collapse;\" width=\"100%\">\n<thead>\n<tr>\n<th style=\"color: #ffffff; background: #58b373; padding: 16px; text-align: left;\"><strong>Perfiles est\u00e1ndar de uPVC<\/strong><\/th>\n<th style=\"color: #ffffff; background: #58b373; padding: 16px; text-align: left;\"><strong>Serie 6000<\/strong><\/th>\n<th style=\"color: #ffffff; background: #58b373; padding: 16px; text-align: left;\"><strong>Serie 7000<\/strong><\/th>\n<th style=\"color: #ffffff; background: #58b373; padding: 16px; text-align: left;\"><strong>AtmoSlide<\/strong><\/th>\n<\/tr>\n<\/thead>\n<tbody>\n<tr style=\"background: #ffffff;\">\n<td style=\"padding: 16px; background: #f3f5f4;\"><strong>Ancho del perfil:<\/strong><\/td>\n<td style=\"padding: 16px;\">60 mil\u00edmetros<\/td>\n<td style=\"padding: 16px;\">70 mil\u00edmetros<\/td>\n<td style=\"padding: 16px;\">60 mil\u00edmetros<\/td>\n<\/tr>\n<tr style=\"background: #f7f7f7;\">\n<td style=\"padding: 16px; background: #f3f5f4;\"><strong>N\u00famero de c\u00e1maras:<\/strong><\/td>\n<td style=\"padding: 16px;\">4<\/td>\n<td style=\"padding: 16px;\">5<\/td>\n<td style=\"padding: 16px;\">4<\/td>\n<\/tr>\n<tr style=\"background: #ffffff;\">\n<td style=\"padding: 16px; background: #f3f5f4;\"><strong>N\u00famero de juntas:<\/strong><\/td>\n<td style=\"padding: 16px;\">2<\/td>\n<td style=\"padding: 16px;\">2<\/td>\n<td style=\"padding: 16px;\">2<\/td>\n<\/tr>\n<tr style=\"background: #f7f7f7;\">\n<td style=\"padding: 16px; background: #f3f5f4;\"><strong>Tipo de sello:<\/strong><\/td>\n<td style=\"padding: 16px;\">Externo\/Interno<\/td>\n<td style=\"padding: 16px;\">Externo\/Interno<\/td>\n<td style=\"padding: 16px;\">&#8211;<\/td>\n<\/tr>\n<tr style=\"background: #ffffff;\">\n<td style=\"padding: 16px; background: #f3f5f4;\"><strong>Color del sello:<\/strong><\/td>\n<td style=\"padding: 16px;\">Gris\/Negro<\/td>\n<td style=\"padding: 16px;\">Gris\/Negro<\/td>\n<td style=\"padding: 16px;\">Gris\/Negro<\/td>\n<\/tr>\n<tr style=\"background: #f7f7f7;\">\n<td style=\"padding: 16px; background: #f3f5f4;\"><strong>Grosor del vidrio:<\/strong><\/td>\n<td style=\"padding: 16px;\">4, 20, 24, 30 mil\u00edmetros<\/td>\n<td style=\"padding: 16px;\">4, 20, 24, 30 mil\u00edmetros<\/td>\n<td style=\"padding: 16px;\">4, 20, 24, 30 mil\u00edmetros<\/td>\n<\/tr>\n<tr style=\"background: #ffffff;\">\n<td style=\"padding: 16px; background: #f3f5f4;\"><strong>Aislamiento t\u00e9rmico:<\/strong><\/td>\n<td style=\"padding: 16px;\">Uf=1,3 W\/m\u00b2K<\/td>\n<td style=\"padding: 16px;\">Uf=1,3 W\/m\u00b2K<\/td>\n<td style=\"padding: 16px;\">&#8211;<\/td>\n<\/tr>\n<\/tbody>\n<\/table>\n<p><img decoding=\"async\" class=\"lazyload aligncenter wp-image-2619 size-full\" src=\"https:\/\/baufens.ba\/wp-content\/uploads\/2023\/03\/baufens-slogan-main.png\" data-orig-src=\"https:\/\/baufens.ba\/wp-content\/uploads\/2023\/03\/baufens-slogan-main.png\" alt=\"\" width=\"600\" height=\"46\" srcset=\"data:image\/svg+xml,%3Csvg%20xmlns%3D%27http%3A%2F%2Fwww.w3.org%2F2000%2Fsvg%27%20width%3D%27600%27%20height%3D%2746%27%20viewBox%3D%270%200%20600%2046%27%3E%3Crect%20width%3D%27600%27%20height%3D%2746%27%20fill-opacity%3D%220%22%2F%3E%3C%2Fsvg%3E\" data-srcset=\"https:\/\/baufens.ba\/wp-content\/uploads\/2023\/03\/baufens-slogan-main-200x15.png 200w, https:\/\/baufens.ba\/wp-content\/uploads\/2023\/03\/baufens-slogan-main-300x23.png 300w, https:\/\/baufens.ba\/wp-content\/uploads\/2023\/03\/baufens-slogan-main-400x31.png 400w, https:\/\/baufens.ba\/wp-content\/uploads\/2023\/03\/baufens-slogan-main.png 600w\" data-sizes=\"auto\" data-orig-sizes=\"(max-width: 600px) 100vw, 600px\" \/><\/p>\n<\/div>\n<\/div><\/div><\/div><\/div><div class=\"fusion-fullwidth fullwidth-box fusion-builder-row-2 fusion-flex-container has-pattern-background has-mask-background table-premium nonhundred-percent-fullwidth non-hundred-percent-height-scrolling\" style=\"--awb-border-radius-top-left:0px;--awb-border-radius-top-right:0px;--awb-border-radius-bottom-right:0px;--awb-border-radius-bottom-left:0px;--awb-background-color:#ffffff;--awb-flex-wrap:wrap;\" id=\"premium\" ><div class=\"fusion-builder-row fusion-row fusion-flex-align-items-flex-start fusion-flex-content-wrap\" style=\"max-width:1248px;margin-left: calc(-4% \/ 2 );margin-right: calc(-4% \/ 2 );\"><div class=\"fusion-layout-column fusion_builder_column fusion-builder-column-1 fusion_builder_column_1_1 1_1 fusion-flex-column\" style=\"--awb-bg-size:cover;--awb-width-large:100%;--awb-margin-top-large:0px;--awb-spacing-right-large:1.92%;--awb-margin-bottom-large:20px;--awb-spacing-left-large:1.92%;--awb-width-medium:100%;--awb-order-medium:0;--awb-spacing-right-medium:1.92%;--awb-spacing-left-medium:1.92%;--awb-width-small:100%;--awb-order-small:0;--awb-spacing-right-small:1.92%;--awb-spacing-left-small:1.92%;\" data-scroll-devices=\"small-visibility,medium-visibility,large-visibility\"><div class=\"fusion-column-wrapper fusion-column-has-shadow fusion-flex-justify-content-flex-start fusion-content-layout-column\"><div class=\"fusion-text fusion-text-2\"><p><strong>Perfiles de uPVC de primera calidad:<\/strong><br \/>\nDescubrir <strong>Sistemas de perfiles de uPVC de alto rendimiento<\/strong> dise\u00f1ado para <strong>aislamiento t\u00e9rmico superior<\/strong>, durabilidad avanzada y dise\u00f1o refinado. Con <strong>tecnolog\u00eda multic\u00e1mara<\/strong>, sistemas de sellado mejorados y <strong>materiales de primera calidad<\/strong>, estos perfiles garantizan una comodidad excepcional, eficiencia energ\u00e9tica y <strong>rendimiento de larga duraci\u00f3n<\/strong>Ideal para proyectos que exigen est\u00e1ndares m\u00e1s altos tanto en est\u00e9tica como en funcionalidad.<\/p>\n<\/div>\n<div class=\"table-2 fusion-animated\" data-animationtype=\"bounceInLeft\" data-animationduration=\"0.3\" data-animationoffset=\"top-into-view\">\n<table style=\"border-collapse: collapse;\" width=\"100%\">\n<thead>\n<tr>\n<th style=\"color: #ffffff; background: #58b373; padding: 16px; text-align: left;\"><strong>Perfiles de uPVC de primera calidad<\/strong><\/th>\n<th style=\"color: #ffffff; background: #58b373; padding: 16px; text-align: left;\"><strong>8500 Plata<\/strong><\/th>\n<th style=\"color: #ffffff; background: #58b373; padding: 16px; text-align: left;\"><strong>8500 Platino<\/strong><\/th>\n<th style=\"color: #ffffff; background: #58b373; padding: 16px; text-align: left;\"><strong>Serie 7600<\/strong><\/th>\n<\/tr>\n<\/thead>\n<tbody>\n<tr style=\"background: #ffffff;\">\n<td style=\"padding: 16px; background: #f3f5f4;\"><strong>Ancho del perfil:<\/strong><\/td>\n<td style=\"padding: 16px;\">85 mil\u00edmetros<\/td>\n<td style=\"padding: 16px;\">85 mil\u00edmetros<\/td>\n<td style=\"padding: 16px;\">76 mm<\/td>\n<\/tr>\n<tr style=\"background: #f7f7f7;\">\n<td style=\"padding: 16px; background: #f3f5f4;\"><strong>N\u00famero de c\u00e1maras:<\/strong><\/td>\n<td style=\"padding: 16px;\">7<\/td>\n<td style=\"padding: 16px;\">7<\/td>\n<td style=\"padding: 16px;\">6<\/td>\n<\/tr>\n<tr style=\"background: #ffffff;\">\n<td style=\"padding: 16px; background: #f3f5f4;\"><strong>N\u00famero de juntas:<\/strong><\/td>\n<td style=\"padding: 16px;\">2<\/td>\n<td style=\"padding: 16px;\">3<\/td>\n<td style=\"padding: 16px;\">3 o 2<\/td>\n<\/tr>\n<tr style=\"background: #f7f7f7;\">\n<td style=\"padding: 16px; background: #f3f5f4;\"><strong>Tipo de sello:<\/strong><\/td>\n<td style=\"padding: 16px;\">Externo\/Interno<\/td>\n<td style=\"padding: 16px;\">Externo\/Interno<\/td>\n<td style=\"padding: 16px;\">Triple\/Doble<\/td>\n<\/tr>\n<tr style=\"background: #ffffff;\">\n<td style=\"padding: 16px; background: #f3f5f4;\"><strong>Color del sello:<\/strong><\/td>\n<td style=\"padding: 16px;\">Gris\/Negro<\/td>\n<td style=\"padding: 16px;\">Gris\/Negro<\/td>\n<td style=\"padding: 16px;\">Gris\/Negro<\/td>\n<\/tr>\n<tr style=\"background: #f7f7f7;\">\n<td style=\"padding: 16px; background: #f3f5f4;\"><strong>Grosor del vidrio:<\/strong><\/td>\n<td style=\"padding: 16px;\">24, 36, 44 mm<\/td>\n<td style=\"padding: 16px;\">24, 36, 44 mm<\/td>\n<td style=\"padding: 16px;\">24, 36 mil\u00edmetros<\/td>\n<\/tr>\n<tr style=\"background: #ffffff;\">\n<td style=\"padding: 16px; background: #f3f5f4;\"><strong>Aislamiento t\u00e9rmico:<\/strong><\/td>\n<td style=\"padding: 16px;\">Uf=1,1 W\/m\u00b2K<\/td>\n<td style=\"padding: 16px;\">Uw 0,9 | Uf 1,1 W\/m\u00b2K<\/td>\n<td style=\"padding: 16px;\">Uf=1,1 W\/m\u00b2K<\/td>\n<\/tr>\n<\/tbody>\n<\/table>\n<p><img decoding=\"async\" class=\"lazyload aligncenter wp-image-2619 size-full\" src=\"https:\/\/baufens.ba\/wp-content\/uploads\/2023\/03\/baufens-slogan-main.png\" data-orig-src=\"https:\/\/baufens.ba\/wp-content\/uploads\/2023\/03\/baufens-slogan-main.png\" alt=\"\" width=\"600\" height=\"46\" srcset=\"data:image\/svg+xml,%3Csvg%20xmlns%3D%27http%3A%2F%2Fwww.w3.org%2F2000%2Fsvg%27%20width%3D%27600%27%20height%3D%2746%27%20viewBox%3D%270%200%20600%2046%27%3E%3Crect%20width%3D%27600%27%20height%3D%2746%27%20fill-opacity%3D%220%22%2F%3E%3C%2Fsvg%3E\" data-srcset=\"https:\/\/baufens.ba\/wp-content\/uploads\/2023\/03\/baufens-slogan-main-200x15.png 200w, https:\/\/baufens.ba\/wp-content\/uploads\/2023\/03\/baufens-slogan-main-300x23.png 300w, https:\/\/baufens.ba\/wp-content\/uploads\/2023\/03\/baufens-slogan-main-400x31.png 400w, https:\/\/baufens.ba\/wp-content\/uploads\/2023\/03\/baufens-slogan-main.png 600w\" data-sizes=\"auto\" data-orig-sizes=\"(max-width: 600px) 100vw, 600px\" \/><\/p>\n<\/div>\n<\/div><\/div><\/div><\/div><div class=\"fusion-fullwidth fullwidth-box fusion-builder-row-3 fusion-flex-container has-pattern-background has-mask-background table-special nonhundred-percent-fullwidth non-hundred-percent-height-scrolling\" style=\"--awb-border-radius-top-left:0px;--awb-border-radius-top-right:0px;--awb-border-radius-bottom-right:0px;--awb-border-radius-bottom-left:0px;--awb-background-color:#ffffff;--awb-flex-wrap:wrap;\" id=\"special\" ><div class=\"fusion-builder-row fusion-row fusion-flex-align-items-flex-start fusion-flex-content-wrap\" style=\"max-width:1248px;margin-left: calc(-4% \/ 2 );margin-right: calc(-4% \/ 2 );\"><div class=\"fusion-layout-column fusion_builder_column fusion-builder-column-2 fusion_builder_column_1_1 1_1 fusion-flex-column\" style=\"--awb-bg-size:cover;--awb-width-large:100%;--awb-margin-top-large:0px;--awb-spacing-right-large:1.92%;--awb-margin-bottom-large:20px;--awb-spacing-left-large:1.92%;--awb-width-medium:100%;--awb-order-medium:0;--awb-spacing-right-medium:1.92%;--awb-spacing-left-medium:1.92%;--awb-width-small:100%;--awb-order-small:0;--awb-spacing-right-small:1.92%;--awb-spacing-left-small:1.92%;\"><div class=\"fusion-column-wrapper fusion-column-has-shadow fusion-flex-justify-content-flex-start fusion-content-layout-column\"><div class=\"fusion-text fusion-text-3\"><p><strong>Perfiles especiales de uPVC:<\/strong><br \/>\nExplorar <strong>Sistemas de perfiles de uPVC especializados<\/strong> desarrollado para <strong>requisitos arquitect\u00f3nicos \u00fanicos<\/strong> y aplicaciones avanzadas. Dise\u00f1ado para admitir <strong>grandes aberturas<\/strong>, <strong>sistemas deslizantes<\/strong>y soluciones personalizadas, estos perfiles combinan ingenier\u00eda innovadora, flexibilidad y est\u00e9tica moderna. Ofrecen <strong>rendimiento fiable<\/strong> al tiempo que se adapta sin problemas a conceptos de dise\u00f1o complejos y exigentes.<\/p>\n<\/div>\n<div class=\"table-2 fusion-animated\" data-animationtype=\"bounceInLeft\" data-animationduration=\"0.3\" data-animationoffset=\"top-into-view\">\n<table style=\"border-collapse: collapse;\" width=\"100%\">\n<thead>\n<tr>\n<th style=\"color: #ffffff; background: #58b373; padding: 16px; text-align: left;\"><strong>Perfiles especiales de uPVC<\/strong><\/th>\n<th style=\"color: #ffffff; background: #58b373; padding: 16px; text-align: left;\"><strong>Supremo<\/strong><\/th>\n<th style=\"color: #ffffff; background: #58b373; padding: 16px; text-align: left;\"><strong>NL 8500<\/strong><\/th>\n<th style=\"color: #ffffff; background: #58b373; padding: 16px; text-align: left;\"><strong>Diapositiva \u00fanica<\/strong><\/th>\n<th style=\"color: #ffffff; background: #58b373; padding: 16px; text-align: left;\"><strong>Renofens<\/strong><\/th>\n<\/tr>\n<\/thead>\n<tbody>\n<tr style=\"background: #ffffff;\">\n<td style=\"padding: 16px; background: #f3f5f4;\"><strong>Ancho del perfil:<\/strong><\/td>\n<td style=\"padding: 16px;\">85 mil\u00edmetros<\/td>\n<td style=\"padding: 16px;\">120 mm<\/td>\n<td style=\"padding: 16px;\">147 mil\u00edmetros<\/td>\n<td style=\"padding: 16px;\">60, 76, 85 mm<\/td>\n<\/tr>\n<tr style=\"background: #f7f7f7;\">\n<td style=\"padding: 16px; background: #f3f5f4;\"><strong>N\u00famero de c\u00e1maras:<\/strong><\/td>\n<td style=\"padding: 16px;\">7<\/td>\n<td style=\"padding: 16px;\">Multic\u00e1mara<\/td>\n<td style=\"padding: 16px;\">&#8211;<\/td>\n<td style=\"padding: 16px;\">4, 6, 7<\/td>\n<\/tr>\n<tr style=\"background: #ffffff;\">\n<td style=\"padding: 16px; background: #f3f5f4;\"><strong>N\u00famero de juntas:<\/strong><\/td>\n<td style=\"padding: 16px;\">3<\/td>\n<td style=\"padding: 16px;\">3<\/td>\n<td style=\"padding: 16px;\">2<\/td>\n<td style=\"padding: 16px;\">3 o 2<\/td>\n<\/tr>\n<tr style=\"background: #f7f7f7;\">\n<td style=\"padding: 16px; background: #f3f5f4;\"><strong>Tipo de sello:<\/strong><\/td>\n<td style=\"padding: 16px;\">&#8211;<\/td>\n<td style=\"padding: 16px;\">Externo\/Interno<\/td>\n<td style=\"padding: 16px;\">Doble<\/td>\n<td style=\"padding: 16px;\">Triple\/Doble<\/td>\n<\/tr>\n<tr style=\"background: #ffffff;\">\n<td style=\"padding: 16px; background: #f3f5f4;\"><strong>Color del sello:<\/strong><\/td>\n<td style=\"padding: 16px;\">&#8211;<\/td>\n<td style=\"padding: 16px;\">Gris\/Negro<\/td>\n<td style=\"padding: 16px;\">Gris\/Negro<\/td>\n<td style=\"padding: 16px;\">Gris\/Negro<\/td>\n<\/tr>\n<tr style=\"background: #f7f7f7;\">\n<td style=\"padding: 16px; background: #f3f5f4;\"><strong>Grosor del vidrio:<\/strong><\/td>\n<td style=\"padding: 16px;\">&#8211;<\/td>\n<td style=\"padding: 16px;\">&#8211;<\/td>\n<td style=\"padding: 16px;\">24, 36 mil\u00edmetros<\/td>\n<td style=\"padding: 16px;\">24, 36 mil\u00edmetros<\/td>\n<\/tr>\n<tr style=\"background: #ffffff;\">\n<td style=\"padding: 16px; background: #f3f5f4;\"><strong>Aislamiento t\u00e9rmico:<\/strong><\/td>\n<td style=\"padding: 16px;\">&#8211;<\/td>\n<td style=\"padding: 16px;\">&#8211;<\/td>\n<td style=\"padding: 16px;\">&#8211;<\/td>\n<td style=\"padding: 16px;\">&#8211;<\/td>\n<\/tr>\n<\/tbody>\n<\/table>\n<p><img decoding=\"async\" class=\"lazyload aligncenter wp-image-2619 size-full\" src=\"https:\/\/baufens.ba\/wp-content\/uploads\/2023\/03\/baufens-slogan-main.png\" data-orig-src=\"https:\/\/baufens.ba\/wp-content\/uploads\/2023\/03\/baufens-slogan-main.png\" alt=\"\" width=\"600\" height=\"46\" srcset=\"data:image\/svg+xml,%3Csvg%20xmlns%3D%27http%3A%2F%2Fwww.w3.org%2F2000%2Fsvg%27%20width%3D%27600%27%20height%3D%2746%27%20viewBox%3D%270%200%20600%2046%27%3E%3Crect%20width%3D%27600%27%20height%3D%2746%27%20fill-opacity%3D%220%22%2F%3E%3C%2Fsvg%3E\" data-srcset=\"https:\/\/baufens.ba\/wp-content\/uploads\/2023\/03\/baufens-slogan-main-200x15.png 200w, https:\/\/baufens.ba\/wp-content\/uploads\/2023\/03\/baufens-slogan-main-300x23.png 300w, https:\/\/baufens.ba\/wp-content\/uploads\/2023\/03\/baufens-slogan-main-400x31.png 400w, https:\/\/baufens.ba\/wp-content\/uploads\/2023\/03\/baufens-slogan-main.png 600w\" data-sizes=\"auto\" data-orig-sizes=\"(max-width: 600px) 100vw, 600px\" \/><\/p>\n<\/div>\n<\/div><\/div><\/div><\/div><div class=\"fusion-fullwidth fullwidth-box fusion-builder-row-4 fusion-flex-container has-pattern-background has-mask-background catalog-box nonhundred-percent-fullwidth non-hundred-percent-height-scrolling\" style=\"--awb-border-radius-top-left:0px;--awb-border-radius-top-right:0px;--awb-border-radius-bottom-right:0px;--awb-border-radius-bottom-left:0px;--awb-flex-wrap:wrap;\" ><div class=\"fusion-builder-row fusion-row fusion-flex-align-items-flex-start fusion-flex-content-wrap\" style=\"max-width:1248px;margin-left: calc(-4% \/ 2 );margin-right: calc(-4% \/ 2 );\"><div class=\"fusion-layout-column fusion_builder_column fusion-builder-column-3 fusion_builder_column_1_1 1_1 fusion-flex-column\" style=\"--awb-bg-size:cover;--awb-width-large:100%;--awb-margin-top-large:0px;--awb-spacing-right-large:1.92%;--awb-margin-bottom-large:20px;--awb-spacing-left-large:1.92%;--awb-width-medium:100%;--awb-order-medium:0;--awb-spacing-right-medium:1.92%;--awb-spacing-left-medium:1.92%;--awb-width-small:100%;--awb-order-small:0;--awb-spacing-right-small:1.92%;--awb-spacing-left-small:1.92%;\"><div class=\"fusion-column-wrapper fusion-column-has-shadow fusion-flex-justify-content-flex-start fusion-content-layout-column\"><div class=\"fusion-text fusion-text-4\" style=\"--awb-content-alignment:center;\"><div class=\"catalog-text-top\">Cat\u00e1logo de perfiles<\/div>\n<div class=\"catalog-text-main\">Descubra nuestra gama completa de perfiles, especificaciones detalladas y soluciones innovadoras en un cat\u00e1logo exhaustivo.<\/div>\n<\/div><div style=\"text-align:center;\"><a class=\"fusion-button button-flat fusion-button-default-size button-default fusion-button-default button-1 fusion-button-default-span fusion-button-default-type catalog-btn\" target=\"_blank\" rel=\"noopener noreferrer\" href=\"https:\/\/baufens.ba\/wp-content\/uploads\/2026\/04\/Baufens-Profile-Catalog.pdf\"><i class=\"fa-file-alt fas button-icon-left\" aria-hidden=\"true\"><\/i><span class=\"fusion-button-text\">Vea nuestro cat\u00e1logo<\/span><\/a><\/div><\/div><\/div><\/div><\/div><\/p>","protected":false},"excerpt":{"rendered":"","protected":false},"author":2,"featured_media":0,"parent":2320,"menu_order":0,"comment_status":"closed","ping_status":"closed","template":"100-width.php","meta":{"rs_blank_template":"","rs_page_bg_color":"","slide_template_v7":"","_monsterinsights_skip_tracking":false,"_monsterinsights_sitenote_active":false,"_monsterinsights_sitenote_note":"","_monsterinsights_sitenote_category":0,"footnotes":""},"class_list":["post-10980","page","type-page","status-publish","hentry"],"_links":{"self":[{"href":"https:\/\/baufens.ba\/es\/wp-json\/wp\/v2\/pages\/10980","targetHints":{"allow":["GET"]}}],"collection":[{"href":"https:\/\/baufens.ba\/es\/wp-json\/wp\/v2\/pages"}],"about":[{"href":"https:\/\/baufens.ba\/es\/wp-json\/wp\/v2\/types\/page"}],"author":[{"embeddable":true,"href":"https:\/\/baufens.ba\/es\/wp-json\/wp\/v2\/users\/2"}],"replies":[{"embeddable":true,"href":"https:\/\/baufens.ba\/es\/wp-json\/wp\/v2\/comments?post=10980"}],"version-history":[{"count":109,"href":"https:\/\/baufens.ba\/es\/wp-json\/wp\/v2\/pages\/10980\/revisions"}],"predecessor-version":[{"id":11262,"href":"https:\/\/baufens.ba\/es\/wp-json\/wp\/v2\/pages\/10980\/revisions\/11262"}],"up":[{"embeddable":true,"href":"https:\/\/baufens.ba\/es\/wp-json\/wp\/v2\/pages\/2320"}],"wp:attachment":[{"href":"https:\/\/baufens.ba\/es\/wp-json\/wp\/v2\/media?parent=10980"}],"curies":[{"name":"wp","href":"https:\/\/api.w.org\/{rel}","templated":true}]}}