{"id":11097,"date":"2026-04-24T11:46:02","date_gmt":"2026-04-24T11:46:02","guid":{"rendered":"https:\/\/baufens.ba\/?page_id=11097"},"modified":"2026-04-24T11:46:02","modified_gmt":"2026-04-24T11:46:02","slug":"our-projects","status":"publish","type":"page","link":"https:\/\/baufens.ba\/de\/en\/our-projects","title":{"rendered":"Unsere Projekte"},"content":{"rendered":"<p><div class=\"fusion-fullwidth fullwidth-box fusion-builder-row-1 fusion-flex-container has-pattern-background has-mask-background project-item nonhundred-percent-fullwidth non-hundred-percent-height-scrolling\" style=\"--awb-border-radius-top-left:0px;--awb-border-radius-top-right:0px;--awb-border-radius-bottom-right:0px;--awb-border-radius-bottom-left:0px;--awb-padding-top:30px;--awb-padding-right:30px;--awb-padding-bottom:30px;--awb-padding-left:30px;--awb-margin-bottom:30px;--awb-flex-wrap:wrap;\" ><div class=\"fusion-builder-row fusion-row fusion-flex-align-items-center fusion-flex-content-wrap\" style=\"max-width:1248px;margin-left: calc(-4% \/ 2 );margin-right: calc(-4% \/ 2 );\"><div class=\"fusion-layout-column fusion_builder_column fusion-builder-column-0 fusion_builder_column_1_2 1_2 fusion-flex-column\" style=\"--awb-bg-size:cover;--awb-width-large:50%;--awb-margin-top-large:0px;--awb-spacing-right-large:3.84%;--awb-margin-bottom-large:20px;--awb-spacing-left-large:3.84%;--awb-width-medium:50%;--awb-order-medium:0;--awb-spacing-right-medium:3.84%;--awb-spacing-left-medium:3.84%;--awb-width-small:100%;--awb-order-small:0;--awb-spacing-right-small:1.92%;--awb-spacing-left-small:1.92%;\" data-scroll-devices=\"small-visibility,medium-visibility,large-visibility\"><div class=\"fusion-column-wrapper fusion-column-has-shadow fusion-flex-justify-content-center fusion-content-layout-column\"><div class=\"awb-gallery-wrapper awb-gallery-wrapper-1 button-span-no\" style=\"--more-btn-alignment:center;\"><div style=\"margin:-4px;--awb-aspect-ratio:1 \/ 1;--awb-bordersize:0px;\" class=\"fusion-gallery fusion-gallery-container fusion-grid-3 fusion-columns-total-3 fusion-gallery-layout-grid fusion-gallery-1 has-aspect-ratio\"><div style=\"padding:4px;\" class=\"fusion-grid-column fusion-gallery-column fusion-gallery-column-3 hover-type-none\"><div class=\"fusion-gallery-image\"><a href=\"https:\/\/baufens.ba\/wp-content\/uploads\/2026\/04\/Bolivia-Project-Baufens.webp\" rel=\"noreferrer\" data-rel=\"iLightbox[gallery_image_1]\" class=\"fusion-lightbox\" target=\"_self\"><img decoding=\"async\" src=\"https:\/\/baufens.ba\/wp-content\/uploads\/2026\/04\/Bolivia-Project-Baufens-460x295.webp\" width=\"460\" height=\"295\" alt=\"\" title=\"Bolivien-Projekt Baufens\" aria-label=\"Bolivien-Projekt Baufens\" class=\"img-responsive wp-image-11242 fusion-gallery-image-size-fixed\"  \/><\/a><\/div><\/div><div style=\"padding:4px;\" class=\"fusion-grid-column fusion-gallery-column fusion-gallery-column-3 hover-type-none\"><div class=\"fusion-gallery-image\"><a href=\"https:\/\/baufens.ba\/wp-content\/uploads\/2026\/04\/baufens-bolivia-project-01.webp\" rel=\"noreferrer\" data-rel=\"iLightbox[gallery_image_1]\" class=\"fusion-lightbox\" target=\"_self\"><img decoding=\"async\" src=\"https:\/\/baufens.ba\/wp-content\/uploads\/2026\/04\/baufens-bolivia-project-01-460x295.webp\" width=\"460\" height=\"295\" alt=\"\" title=\"Baufens Bolivien Projekt-01\" aria-label=\"Baufens Bolivien Projekt-01\" class=\"img-responsive wp-image-11241 fusion-gallery-image-size-fixed\"  \/><\/a><\/div><\/div><div style=\"padding:4px;\" class=\"fusion-grid-column fusion-gallery-column fusion-gallery-column-3 hover-type-none\"><div class=\"fusion-gallery-image\"><a href=\"https:\/\/baufens.ba\/wp-content\/uploads\/2026\/04\/baufens-bolivia-project-03.webp\" rel=\"noreferrer\" data-rel=\"iLightbox[gallery_image_1]\" class=\"fusion-lightbox\" target=\"_self\"><img decoding=\"async\" src=\"https:\/\/baufens.ba\/wp-content\/uploads\/2026\/04\/baufens-bolivia-project-03-460x295.webp\" width=\"460\" height=\"295\" alt=\"\" title=\"Baufens Bolivien Projekt-03\" aria-label=\"Baufens Bolivien Projekt-03\" class=\"img-responsive wp-image-11240 fusion-gallery-image-size-fixed\"  \/><\/a><\/div><\/div><div class=\"clearfix\"><\/div><\/div><\/div><\/div><\/div><div class=\"fusion-layout-column fusion_builder_column fusion-builder-column-1 fusion_builder_column_1_2 1_2 fusion-flex-column\" style=\"--awb-bg-size:cover;--awb-width-large:50%;--awb-margin-top-large:0px;--awb-spacing-right-large:3.84%;--awb-margin-bottom-large:20px;--awb-spacing-left-large:3.84%;--awb-width-medium:50%;--awb-order-medium:0;--awb-spacing-right-medium:3.84%;--awb-spacing-left-medium:3.84%;--awb-width-small:100%;--awb-order-small:0;--awb-spacing-right-small:1.92%;--awb-spacing-left-small:1.92%;\"><div class=\"fusion-column-wrapper fusion-column-has-shadow fusion-flex-justify-content-flex-start fusion-content-layout-column\"><div class=\"fusion-title title fusion-title-1 fusion-sep-none fusion-title-text fusion-title-size-three project-title bolivia-title\"><h3 class=\"fusion-title-heading title-heading-left fusion-responsive-typography-calculated\" style=\"margin:0;--fontSize:36;line-height:var(--awb-typography1-line-height);\">Bolivien<\/h3><\/div><div class=\"fusion-text fusion-text-1 fusion-text-no-margin\" style=\"--awb-margin-bottom:15px;\"><p>Ein 30-st\u00f6ckiges Wohnprojekt in Bolivien mit modernen Fassadenanwendungen unter Verwendung von Baufens AtmoSlide-Systemen, die f\u00fcr Langlebigkeit, W\u00e4rmed\u00e4mmung und zuverl\u00e4ssige Leistung unter den Bedingungen urbaner Hochh\u00e4user entwickelt wurden.<\/p>\n<\/div><div class=\"accordian fusion-accordian\" style=\"--awb-border-size:1px;--awb-icon-size:10px;--awb-content-font-size:var(--awb-typography4-font-size);--awb-icon-alignment:right;--awb-hover-color:var(--awb-color2);--awb-border-color:var(--awb-color3);--awb-background-color:var(--awb-color1);--awb-divider-color:var(--awb-color3);--awb-divider-hover-color:var(--awb-color3);--awb-icon-color:var(--awb-color1);--awb-title-color:var(--awb-color8);--awb-content-color:var(--awb-color8);--awb-icon-box-color:var(--awb-color8);--awb-toggle-hover-accent-color:var(--awb-color5);--awb-title-font-family:var(--awb-typography1-font-family);--awb-title-font-weight:var(--awb-typography1-font-weight);--awb-title-font-style:var(--awb-typography1-font-style);--awb-title-font-size:15px;--awb-content-font-family:var(--awb-typography4-font-family);--awb-content-font-weight:var(--awb-typography4-font-weight);--awb-content-font-style:var(--awb-typography4-font-style);\"><div class=\"panel-group fusion-toggle-icon-right fusion-toggle-icon-boxed\" id=\"accordion-11097-1\"><div class=\"fusion-panel panel-default panel-f18081e4468e02491 fusion-toggle-no-divider\" style=\"--awb-title-color:var(--awb-color8);\"><div class=\"panel-heading\"><div class=\"panel-title toggle\" id=\"toggle_f18081e4468e02491\"><a aria-expanded=\"false\" aria-controls=\"f18081e4468e02491\" role=\"button\" data-toggle=\"collapse\" data-parent=\"#accordion-11097-1\" data-target=\"#f18081e4468e02491\" href=\"#f18081e4468e02491\"><span class=\"fusion-toggle-icon-wrapper\" aria-hidden=\"true\"><i class=\"fa-fusion-box active-icon fa-angle-double-down fas\" aria-hidden=\"true\"><\/i><i class=\"fa-fusion-box inactive-icon fa-angle-double-right fas\" aria-hidden=\"true\"><\/i><\/span><span class=\"fusion-toggle-heading\">Mehr lesen<\/span><\/a><\/div><\/div><div id=\"f18081e4468e02491\" class=\"panel-collapse collapse\" aria-labelledby=\"toggle_f18081e4468e02491\"><div class=\"panel-body toggle-content fusion-clearfix\">\n<p data-start=\"660\" data-end=\"850\">Bei diesem Projekt geht es um die Installation von Baufens uPVC-Fenstersystemen in einem 30-st\u00f6ckigen Wohngeb\u00e4ude, das sich derzeit in Bolivien im Bau befindet und dessen Fertigstellung f\u00fcr Ende 2026 geplant ist.<\/p>\n<p data-start=\"855\" data-end=\"1113\">Die Anwendung umfasst AtmoSlide-Profile mit Doppel- und Dreifachschienenkonfigurationen, die speziell f\u00fcr die technischen Anforderungen des Hochhausbaus entwickelt wurden. Das System gew\u00e4hrleistet eine gleichbleibende W\u00e4rmed\u00e4mmung, strukturelle Stabilit\u00e4t und langfristige Haltbarkeit.<\/p>\n<p data-start=\"1118\" data-end=\"1318\">Die L\u00f6sung wurde f\u00fcr die Integration in moderne Fassaden konzipiert und vereint Funktionalit\u00e4t mit einem klaren architektonischen Erscheinungsbild. Sie unterst\u00fctzt Energieeffizienz und geringen Wartungsaufwand w\u00e4hrend des gesamten Lebenszyklus des Geb\u00e4udes.<\/p>\n<\/div><\/div><\/div><\/div><\/div><\/div><\/div><\/div><\/div><div class=\"fusion-fullwidth fullwidth-box fusion-builder-row-2 fusion-flex-container has-pattern-background has-mask-background project-item nonhundred-percent-fullwidth non-hundred-percent-height-scrolling\" style=\"--awb-border-radius-top-left:0px;--awb-border-radius-top-right:0px;--awb-border-radius-bottom-right:0px;--awb-border-radius-bottom-left:0px;--awb-padding-top:30px;--awb-padding-right:30px;--awb-padding-bottom:30px;--awb-padding-left:30px;--awb-margin-bottom:30px;--awb-flex-wrap:wrap;\" ><div class=\"fusion-builder-row fusion-row fusion-flex-align-items-center fusion-flex-content-wrap\" style=\"max-width:1248px;margin-left: calc(-4% \/ 2 );margin-right: calc(-4% \/ 2 );\"><div class=\"fusion-layout-column fusion_builder_column fusion-builder-column-2 fusion_builder_column_1_2 1_2 fusion-flex-column\" style=\"--awb-bg-size:cover;--awb-width-large:50%;--awb-margin-top-large:0px;--awb-spacing-right-large:3.84%;--awb-margin-bottom-large:20px;--awb-spacing-left-large:3.84%;--awb-width-medium:50%;--awb-order-medium:0;--awb-spacing-right-medium:3.84%;--awb-spacing-left-medium:3.84%;--awb-width-small:100%;--awb-order-small:0;--awb-spacing-right-small:1.92%;--awb-spacing-left-small:1.92%;\" data-scroll-devices=\"small-visibility,medium-visibility,large-visibility\"><div class=\"fusion-column-wrapper fusion-column-has-shadow fusion-flex-justify-content-center fusion-content-layout-column\"><div class=\"awb-gallery-wrapper awb-gallery-wrapper-2 button-span-no\" style=\"--more-btn-alignment:center;\"><div style=\"margin:-4px;--awb-aspect-ratio:1 \/ 1;--awb-bordersize:0px;\" class=\"fusion-gallery fusion-gallery-container fusion-grid-2 fusion-columns-total-2 fusion-gallery-layout-grid fusion-gallery-2 has-aspect-ratio\"><div style=\"padding:4px;\" class=\"fusion-grid-column fusion-gallery-column fusion-gallery-column-2 hover-type-none\"><div class=\"fusion-gallery-image\"><a href=\"https:\/\/baufens.ba\/wp-content\/uploads\/2026\/04\/completed-projects-using-Baufens-profiles-02.jpg\" rel=\"noreferrer\" data-rel=\"iLightbox[gallery_image_2]\" class=\"fusion-lightbox\" target=\"_self\"><img decoding=\"async\" src=\"https:\/\/baufens.ba\/wp-content\/uploads\/2026\/04\/completed-projects-using-Baufens-profiles-02-460x295.jpg\" width=\"460\" height=\"295\" alt=\"\" title=\"abgeschlossene Projekte mit Baufens-Profilen-02\" aria-label=\"abgeschlossene Projekte mit Baufens-Profilen-02\" class=\"img-responsive wp-image-11267 fusion-gallery-image-size-fixed\"  \/><\/a><\/div><\/div><div class=\"clearfix\"><\/div><div style=\"padding:4px;\" class=\"fusion-grid-column fusion-gallery-column fusion-gallery-column-2 hover-type-none\"><div class=\"fusion-gallery-image\"><a href=\"https:\/\/baufens.ba\/wp-content\/uploads\/2026\/04\/completed-projects-using-Baufens-profiles-01.jpg\" rel=\"noreferrer\" data-rel=\"iLightbox[gallery_image_2]\" class=\"fusion-lightbox\" target=\"_self\"><img decoding=\"async\" src=\"https:\/\/baufens.ba\/wp-content\/uploads\/2026\/04\/completed-projects-using-Baufens-profiles-01-460x295.jpg\" width=\"460\" height=\"295\" alt=\"\" title=\"abgeschlossene Projekte mit Baufens-Profilen-01\" aria-label=\"abgeschlossene Projekte mit Baufens-Profilen-01\" class=\"img-responsive wp-image-11268 fusion-gallery-image-size-fixed\"  \/><\/a><\/div><\/div><\/div><\/div><\/div><\/div><div class=\"fusion-layout-column fusion_builder_column fusion-builder-column-3 fusion_builder_column_1_2 1_2 fusion-flex-column\" style=\"--awb-bg-size:cover;--awb-width-large:50%;--awb-margin-top-large:0px;--awb-spacing-right-large:3.84%;--awb-margin-bottom-large:20px;--awb-spacing-left-large:3.84%;--awb-width-medium:50%;--awb-order-medium:0;--awb-spacing-right-medium:3.84%;--awb-spacing-left-medium:3.84%;--awb-width-small:100%;--awb-order-small:0;--awb-spacing-right-small:1.92%;--awb-spacing-left-small:1.92%;\"><div class=\"fusion-column-wrapper fusion-column-has-shadow fusion-flex-justify-content-flex-start fusion-content-layout-column\"><div class=\"fusion-title title fusion-title-2 fusion-sep-none fusion-title-text fusion-title-size-three project-title argentina-title\"><h3 class=\"fusion-title-heading title-heading-left fusion-responsive-typography-calculated\" style=\"margin:0;--fontSize:36;line-height:var(--awb-typography1-line-height);\">Argentinien<\/h3><\/div><div class=\"fusion-text fusion-text-2 fusion-text-no-margin\" style=\"--awb-margin-bottom:15px;\"><p>Wohnhauserweiterungsprojekt in Argentinien mit Baufens AtmoSlide-Systemen, die eine nahtlose Verbindung zwischen Innen- und Au\u00dfenbereich mit klarem Design und reibungsloser Funktionalit\u00e4t schaffen.<\/p>\n<\/div><div class=\"accordian fusion-accordian\" style=\"--awb-border-size:1px;--awb-icon-size:10px;--awb-content-font-size:var(--awb-typography4-font-size);--awb-icon-alignment:right;--awb-hover-color:var(--awb-color2);--awb-border-color:var(--awb-color3);--awb-background-color:var(--awb-color1);--awb-divider-color:var(--awb-color3);--awb-divider-hover-color:var(--awb-color3);--awb-icon-color:var(--awb-color1);--awb-title-color:var(--awb-color8);--awb-content-color:var(--awb-color8);--awb-icon-box-color:var(--awb-color8);--awb-toggle-hover-accent-color:var(--awb-color5);--awb-title-font-family:var(--awb-typography1-font-family);--awb-title-font-weight:var(--awb-typography1-font-weight);--awb-title-font-style:var(--awb-typography1-font-style);--awb-title-font-size:15px;--awb-content-font-family:var(--awb-typography4-font-family);--awb-content-font-weight:var(--awb-typography4-font-weight);--awb-content-font-style:var(--awb-typography4-font-style);\"><div class=\"panel-group fusion-toggle-icon-right fusion-toggle-icon-boxed\" id=\"accordion-11097-2\"><div class=\"fusion-panel panel-default panel-5c49f11c0de4f797e fusion-toggle-no-divider\" style=\"--awb-title-color:var(--awb-color8);\"><div class=\"panel-heading\"><div class=\"panel-title toggle\" id=\"toggle_5c49f11c0de4f797e\"><a aria-expanded=\"false\" aria-controls=\"5c49f11c0de4f797e\" role=\"button\" data-toggle=\"collapse\" data-parent=\"#accordion-11097-2\" data-target=\"#5c49f11c0de4f797e\" href=\"#5c49f11c0de4f797e\"><span class=\"fusion-toggle-icon-wrapper\" aria-hidden=\"true\"><i class=\"fa-fusion-box active-icon fa-angle-double-down fas\" aria-hidden=\"true\"><\/i><i class=\"fa-fusion-box inactive-icon fa-angle-double-right fas\" aria-hidden=\"true\"><\/i><\/span><span class=\"fusion-toggle-heading\">Mehr lesen<\/span><\/a><\/div><\/div><div id=\"5c49f11c0de4f797e\" class=\"panel-collapse collapse\" aria-labelledby=\"toggle_5c49f11c0de4f797e\"><div class=\"panel-body toggle-content fusion-clearfix\">\n<p data-start=\"567\" data-end=\"729\">Dieses Projekt pr\u00e4sentiert einen individuell gestalteten Wohnhausanbau, der den Wohnraum erweitert und die Verbindung zwischen Innen- und Au\u00dfenr\u00e4umen st\u00e4rkt.<\/p>\n<p data-start=\"734\" data-end=\"965\">Die Anwendung umfasst Baufens AtmoSlide Schiebesysteme, die von unserem lokalen Vertriebspartner in Argentinien installiert wurden. Das System erm\u00f6glicht breite Glas\u00f6ffnungen, die nat\u00fcrliches Licht hereinlassen und gleichzeitig thermischen Komfort und Bedienkomfort gew\u00e4hrleisten.<\/p>\n<p data-start=\"970\" data-end=\"1168\">Mit ihrem minimalistischen Rahmendesign und der reibungslosen Bedienung verbessert die L\u00f6sung sowohl die visuelle Klarheit als auch die Funktionalit\u00e4t des Raumes und bietet ein modernes, wartungsarmes Umfeld f\u00fcr den Alltag.<\/p>\n<\/div><\/div><\/div><\/div><\/div><\/div><\/div><\/div><\/div><\/p>","protected":false},"excerpt":{"rendered":"","protected":false},"author":2,"featured_media":0,"parent":2320,"menu_order":0,"comment_status":"closed","ping_status":"closed","template":"","meta":{"rs_blank_template":"","rs_page_bg_color":"","slide_template_v7":"","_monsterinsights_skip_tracking":false,"_monsterinsights_sitenote_active":false,"_monsterinsights_sitenote_note":"","_monsterinsights_sitenote_category":0,"footnotes":""},"class_list":["post-11097","page","type-page","status-publish","hentry"],"_links":{"self":[{"href":"https:\/\/baufens.ba\/de\/wp-json\/wp\/v2\/pages\/11097","targetHints":{"allow":["GET"]}}],"collection":[{"href":"https:\/\/baufens.ba\/de\/wp-json\/wp\/v2\/pages"}],"about":[{"href":"https:\/\/baufens.ba\/de\/wp-json\/wp\/v2\/types\/page"}],"author":[{"embeddable":true,"href":"https:\/\/baufens.ba\/de\/wp-json\/wp\/v2\/users\/2"}],"replies":[{"embeddable":true,"href":"https:\/\/baufens.ba\/de\/wp-json\/wp\/v2\/comments?post=11097"}],"version-history":[{"count":64,"href":"https:\/\/baufens.ba\/de\/wp-json\/wp\/v2\/pages\/11097\/revisions"}],"predecessor-version":[{"id":11270,"href":"https:\/\/baufens.ba\/de\/wp-json\/wp\/v2\/pages\/11097\/revisions\/11270"}],"up":[{"embeddable":true,"href":"https:\/\/baufens.ba\/de\/wp-json\/wp\/v2\/pages\/2320"}],"wp:attachment":[{"href":"https:\/\/baufens.ba\/de\/wp-json\/wp\/v2\/media?parent=11097"}],"curies":[{"name":"wp","href":"https:\/\/api.w.org\/{rel}","templated":true}]}}